{"id":39246,"date":"2023-02-27T14:57:52","date_gmt":"2023-02-27T13:57:52","guid":{"rendered":"https:\/\/clean-facade.ch\/blog\/"},"modified":"2023-03-31T10:54:59","modified_gmt":"2023-03-31T08:54:59","slug":"blog","status":"publish","type":"page","link":"https:\/\/clean-facade.ch\/de\/blog\/","title":{"rendered":"Blog"},"content":{"rendered":"\t\t<div data-elementor-type=\"wp-page\" data-elementor-id=\"39246\" class=\"elementor elementor-39246 elementor-35813\" data-elementor-post-type=\"page\">\n\t\t\t\t\t\t<section class=\"elementor-section elementor-top-section elementor-element elementor-element-81582f5 elementor-section-full_width elementor-section-content-middle elementor-section-height-full elementor-section-height-default elementor-section-items-middle\" data-id=\"81582f5\" data-element_type=\"section\" data-e-type=\"section\" data-settings=\"{&quot;background_background&quot;:&quot;classic&quot;}\">\n\t\t\t\t\t\t\t<div class=\"elementor-background-overlay\"><\/div>\n\t\t\t\t\t\t\t<div class=\"elementor-container elementor-column-gap-no\">\n\t\t\t\t\t<div class=\"elementor-column elementor-col-100 elementor-top-column elementor-element elementor-element-f5fd460\" data-id=\"f5fd460\" data-element_type=\"column\" data-e-type=\"column\">\n\t\t\t<div class=\"elementor-widget-wrap elementor-element-populated\">\n\t\t\t\t\t\t<section class=\"elementor-section elementor-inner-section elementor-element elementor-element-1f67c8d elementor-section-full_width elementor-section-height-default elementor-section-height-default\" data-id=\"1f67c8d\" data-element_type=\"section\" data-e-type=\"section\">\n\t\t\t\t\t\t<div class=\"elementor-container elementor-column-gap-no\">\n\t\t\t\t\t<div class=\"elementor-column elementor-col-50 elementor-inner-column elementor-element elementor-element-c355625\" data-id=\"c355625\" data-element_type=\"column\" data-e-type=\"column\">\n\t\t\t<div class=\"elementor-widget-wrap elementor-element-populated\">\n\t\t\t\t\t\t<div class=\"elementor-element elementor-element-0f4101a elementor-widget elementor-widget-image\" data-id=\"0f4101a\" data-element_type=\"widget\" data-e-type=\"widget\" data-widget_type=\"image.default\">\n\t\t\t\t<div class=\"elementor-widget-container\">\n\t\t\t\t\t\t\t\t\t\t\t\t\t\t\t<img decoding=\"async\" src=\"https:\/\/clean-facade.ch\/wp-content\/uploads\/2023\/02\/header-rectangle.svg\" class=\"attachment-full size-full wp-image-39078\" alt=\"triangle bleu top gauche\" \/>\t\t\t\t\t\t\t\t\t\t\t\t\t\t\t<\/div>\n\t\t\t\t<\/div>\n\t\t\t\t\t<\/div>\n\t\t<\/div>\n\t\t\t\t<div class=\"elementor-column elementor-col-50 elementor-inner-column elementor-element elementor-element-d8ae462\" data-id=\"d8ae462\" data-element_type=\"column\" data-e-type=\"column\">\n\t\t\t<div class=\"elementor-widget-wrap elementor-element-populated\">\n\t\t\t\t\t\t<div class=\"elementor-element elementor-element-38f271d elementor-widget elementor-widget-heading\" data-id=\"38f271d\" data-element_type=\"widget\" data-e-type=\"widget\" data-widget_type=\"heading.default\">\n\t\t\t\t<div class=\"elementor-widget-container\">\n\t\t\t\t\t<h1 class=\"elementor-heading-title elementor-size-default\">BLOG<\/h1>\t\t\t\t<\/div>\n\t\t\t\t<\/div>\n\t\t\t\t\t<\/div>\n\t\t<\/div>\n\t\t\t\t\t<\/div>\n\t\t<\/section>\n\t\t\t\t\t<\/div>\n\t\t<\/div>\n\t\t\t\t\t<\/div>\n\t\t<\/section>\n\t\t\t\t<section class=\"elementor-section elementor-top-section elementor-element elementor-element-fbfb9d1 elementor-section-full_width elementor-section-height-default elementor-section-height-default\" data-id=\"fbfb9d1\" data-element_type=\"section\" data-e-type=\"section\">\n\t\t\t\t\t\t<div class=\"elementor-container elementor-column-gap-default\">\n\t\t\t\t\t<div class=\"elementor-column elementor-col-100 elementor-top-column elementor-element elementor-element-5339dfc\" data-id=\"5339dfc\" data-element_type=\"column\" data-e-type=\"column\">\n\t\t\t<div class=\"elementor-widget-wrap elementor-element-populated\">\n\t\t\t\t\t\t<div class=\"elementor-element elementor-element-77a8947 gvp_post elementor-grid-3 elementor-grid-tablet-2 elementor-grid-mobile-1 elementor-posts--thumbnail-top elementor-posts--show-avatar elementor-card-shadow-yes elementor-posts__hover-gradient elementor-widget elementor-widget-posts\" data-id=\"77a8947\" data-element_type=\"widget\" data-e-type=\"widget\" data-settings=\"{&quot;pagination_type&quot;:&quot;load_more_infinite_scroll&quot;,&quot;cards_columns&quot;:&quot;3&quot;,&quot;cards_columns_tablet&quot;:&quot;2&quot;,&quot;cards_columns_mobile&quot;:&quot;1&quot;,&quot;cards_row_gap&quot;:{&quot;unit&quot;:&quot;px&quot;,&quot;size&quot;:35,&quot;sizes&quot;:[]},&quot;cards_row_gap_laptop&quot;:{&quot;unit&quot;:&quot;px&quot;,&quot;size&quot;:&quot;&quot;,&quot;sizes&quot;:[]},&quot;cards_row_gap_tablet_extra&quot;:{&quot;unit&quot;:&quot;px&quot;,&quot;size&quot;:&quot;&quot;,&quot;sizes&quot;:[]},&quot;cards_row_gap_tablet&quot;:{&quot;unit&quot;:&quot;px&quot;,&quot;size&quot;:&quot;&quot;,&quot;sizes&quot;:[]},&quot;cards_row_gap_mobile_extra&quot;:{&quot;unit&quot;:&quot;px&quot;,&quot;size&quot;:&quot;&quot;,&quot;sizes&quot;:[]},&quot;cards_row_gap_mobile&quot;:{&quot;unit&quot;:&quot;px&quot;,&quot;size&quot;:&quot;&quot;,&quot;sizes&quot;:[]},&quot;load_more_spinner&quot;:{&quot;value&quot;:&quot;fas fa-spinner&quot;,&quot;library&quot;:&quot;fa-solid&quot;}}\" data-widget_type=\"posts.cards\">\n\t\t\t\t<div class=\"elementor-widget-container\">\n\t\t\t\t\t\t\t<div class=\"elementor-posts-container elementor-posts elementor-posts--skin-cards elementor-grid\" role=\"list\">\n\t\t\t\t<article class=\"elementor-post elementor-grid-item post-39257 post type-post status-publish format-standard has-post-thumbnail hentry category-unkategorisiert tag-articles-de\" role=\"listitem\">\n\t\t\t<div class=\"elementor-post__card\">\n\t\t\t\t<a class=\"elementor-post__thumbnail__link\" href=\"https:\/\/clean-facade.ch\/de\/algues-et-champignons-sur-facades-de-maison\/\" tabindex=\"-1\" ><div class=\"elementor-post__thumbnail\"><img fetchpriority=\"high\" decoding=\"async\" width=\"805\" height=\"578\" src=\"https:\/\/clean-facade.ch\/wp-content\/uploads\/2023\/02\/Photo-7-apres.-1.png\" class=\"attachment-full size-full wp-image-38970\" alt=\"Photo 7-apres\" srcset=\"https:\/\/clean-facade.ch\/wp-content\/uploads\/2023\/02\/Photo-7-apres.-1.png 805w, https:\/\/clean-facade.ch\/wp-content\/uploads\/2023\/02\/Photo-7-apres.-1-600x431.png 600w, https:\/\/clean-facade.ch\/wp-content\/uploads\/2023\/02\/Photo-7-apres.-1-300x215.png 300w, https:\/\/clean-facade.ch\/wp-content\/uploads\/2023\/02\/Photo-7-apres.-1-768x551.png 768w\" sizes=\"(max-width: 805px) 100vw, 805px\" \/><\/div><\/a>\n\t\t\t\t<div class=\"elementor-post__badge\">Artikel<\/div>\n\t\t\t\t<div class=\"elementor-post__avatar\">\n\t\t\t<img alt='Admin' src='https:\/\/secure.gravatar.com\/avatar\/5fa0ab8129cd20f0a7834bfabb7e7a1558862e46633c891c431236a50cc39ab9?s=128&#038;d=mm&#038;r=g' srcset='https:\/\/secure.gravatar.com\/avatar\/5fa0ab8129cd20f0a7834bfabb7e7a1558862e46633c891c431236a50cc39ab9?s=256&#038;d=mm&#038;r=g 2x' class='avatar avatar-128 photo' height='128' width='128' \/>\t\t<\/div>\n\t\t\t\t<div class=\"elementor-post__text\">\n\t\t\t\t<h3 class=\"elementor-post__title\">\n\t\t\t<a href=\"https:\/\/clean-facade.ch\/de\/algues-et-champignons-sur-facades-de-maison\/\" >\n\t\t\t\tAlgen und Pilze an Hausfassaden\t\t\t<\/a>\n\t\t<\/h3>\n\t\t\t\t<div class=\"elementor-post__excerpt\">\n\t\t\t<p>Algen und Pilze an der Fassade von H\u00e4usern k\u00f6nnen sich direkt auf die D\u00e4mmleistung von W\u00e4nden auswirken. Aus diesem Grund ist es wichtig, auf eine<\/p>\n\t\t<\/div>\n\t\t\t\t<\/div>\n\t\t\t\t\t<\/div>\n\t\t<\/article>\n\t\t\t\t<article class=\"elementor-post elementor-grid-item post-39261 post type-post status-publish format-standard has-post-thumbnail hentry category-unkategorisiert tag-articles-de\" role=\"listitem\">\n\t\t\t<div class=\"elementor-post__card\">\n\t\t\t\t<a class=\"elementor-post__thumbnail__link\" href=\"https:\/\/clean-facade.ch\/de\/produit-nettoyage-facade-suisse\/\" tabindex=\"-1\" ><div class=\"elementor-post__thumbnail\"><img decoding=\"async\" width=\"805\" height=\"578\" src=\"https:\/\/clean-facade.ch\/wp-content\/uploads\/2023\/02\/Photo4-apres.png\" class=\"attachment-full size-full wp-image-38971\" alt=\"Entreprise nettoyage fa\u00e7ade\" srcset=\"https:\/\/clean-facade.ch\/wp-content\/uploads\/2023\/02\/Photo4-apres.png 805w, https:\/\/clean-facade.ch\/wp-content\/uploads\/2023\/02\/Photo4-apres-600x431.png 600w, https:\/\/clean-facade.ch\/wp-content\/uploads\/2023\/02\/Photo4-apres-300x215.png 300w, https:\/\/clean-facade.ch\/wp-content\/uploads\/2023\/02\/Photo4-apres-768x551.png 768w\" sizes=\"(max-width: 805px) 100vw, 805px\" \/><\/div><\/a>\n\t\t\t\t<div class=\"elementor-post__badge\">Artikel<\/div>\n\t\t\t\t<div class=\"elementor-post__avatar\">\n\t\t\t<img alt='Admin' src='https:\/\/secure.gravatar.com\/avatar\/5fa0ab8129cd20f0a7834bfabb7e7a1558862e46633c891c431236a50cc39ab9?s=128&#038;d=mm&#038;r=g' srcset='https:\/\/secure.gravatar.com\/avatar\/5fa0ab8129cd20f0a7834bfabb7e7a1558862e46633c891c431236a50cc39ab9?s=256&#038;d=mm&#038;r=g 2x' class='avatar avatar-128 photo' height='128' width='128' \/>\t\t<\/div>\n\t\t\t\t<div class=\"elementor-post__text\">\n\t\t\t\t<h3 class=\"elementor-post__title\">\n\t\t\t<a href=\"https:\/\/clean-facade.ch\/de\/produit-nettoyage-facade-suisse\/\" >\n\t\t\t\tProdukt Fassadenreiniger Schweiz\t\t\t<\/a>\n\t\t<\/h3>\n\t\t\t\t<div class=\"elementor-post__excerpt\">\n\t\t\t<p>Sind die Fassaden Ihres Hauses schmutzig? Dann ist es an der Zeit, sie zu reinigen! Aber nicht mit irgendeinem Produkt. CLEAN-FACADE erkl\u00e4rt Ihnen, wie wichtig<\/p>\n\t\t<\/div>\n\t\t\t\t<\/div>\n\t\t\t\t\t<\/div>\n\t\t<\/article>\n\t\t\t\t<article class=\"elementor-post elementor-grid-item post-39231 post type-post status-publish format-standard has-post-thumbnail hentry category-unkategorisiert tag-articles-de\" role=\"listitem\">\n\t\t\t<div class=\"elementor-post__card\">\n\t\t\t\t<a class=\"elementor-post__thumbnail__link\" href=\"https:\/\/clean-facade.ch\/de\/reussir-son-traitement-de-facadeclean-facade\/\" tabindex=\"-1\" ><div class=\"elementor-post__thumbnail\"><img decoding=\"async\" width=\"805\" height=\"578\" src=\"https:\/\/clean-facade.ch\/wp-content\/uploads\/2023\/02\/Photo13-apres.png\" class=\"attachment-full size-full wp-image-39195\" alt=\"Photo13-apres.png\" srcset=\"https:\/\/clean-facade.ch\/wp-content\/uploads\/2023\/02\/Photo13-apres.png 805w, https:\/\/clean-facade.ch\/wp-content\/uploads\/2023\/02\/Photo13-apres-600x431.png 600w, https:\/\/clean-facade.ch\/wp-content\/uploads\/2023\/02\/Photo13-apres-300x215.png 300w, https:\/\/clean-facade.ch\/wp-content\/uploads\/2023\/02\/Photo13-apres-768x551.png 768w\" sizes=\"(max-width: 805px) 100vw, 805px\" \/><\/div><\/a>\n\t\t\t\t<div class=\"elementor-post__badge\">Artikel<\/div>\n\t\t\t\t<div class=\"elementor-post__avatar\">\n\t\t\t<img alt='Admin' src='https:\/\/secure.gravatar.com\/avatar\/5fa0ab8129cd20f0a7834bfabb7e7a1558862e46633c891c431236a50cc39ab9?s=128&#038;d=mm&#038;r=g' srcset='https:\/\/secure.gravatar.com\/avatar\/5fa0ab8129cd20f0a7834bfabb7e7a1558862e46633c891c431236a50cc39ab9?s=256&#038;d=mm&#038;r=g 2x' class='avatar avatar-128 photo' height='128' width='128' \/>\t\t<\/div>\n\t\t\t\t<div class=\"elementor-post__text\">\n\t\t\t\t<h3 class=\"elementor-post__title\">\n\t\t\t<a href=\"https:\/\/clean-facade.ch\/de\/reussir-son-traitement-de-facadeclean-facade\/\" >\n\t\t\t\tErfolgreiche Fassadenbehandlung|CLEAN-FACADE\t\t\t<\/a>\n\t\t<\/h3>\n\t\t\t\t<div class=\"elementor-post__excerpt\">\n\t\t\t<p>Die W\u00e4nde der Fassaden neigen dazu, sich mit der Zeit zu verdunkeln und zu verschmutzen. Eine erfolgreiche Fassadenbehandlung wird das Leben Ihrer W\u00e4nde erhalten und<\/p>\n\t\t<\/div>\n\t\t\t\t<\/div>\n\t\t\t\t\t<\/div>\n\t\t<\/article>\n\t\t\t\t<article class=\"elementor-post elementor-grid-item post-39238 post type-post status-publish format-standard has-post-thumbnail hentry category-unkategorisiert tag-articles-de\" role=\"listitem\">\n\t\t\t<div class=\"elementor-post__card\">\n\t\t\t\t<a class=\"elementor-post__thumbnail__link\" href=\"https:\/\/clean-facade.ch\/de\/nettoyage-facade-maison-tarifs-en-suisse\/\" tabindex=\"-1\" ><div class=\"elementor-post__thumbnail\"><img loading=\"lazy\" decoding=\"async\" width=\"805\" height=\"578\" src=\"https:\/\/clean-facade.ch\/wp-content\/uploads\/2023\/02\/Photo2-avant.png\" class=\"attachment-full size-full wp-image-38969\" alt=\"Photo2-avant.png\" srcset=\"https:\/\/clean-facade.ch\/wp-content\/uploads\/2023\/02\/Photo2-avant.png 805w, https:\/\/clean-facade.ch\/wp-content\/uploads\/2023\/02\/Photo2-avant-600x431.png 600w, https:\/\/clean-facade.ch\/wp-content\/uploads\/2023\/02\/Photo2-avant-300x215.png 300w, https:\/\/clean-facade.ch\/wp-content\/uploads\/2023\/02\/Photo2-avant-768x551.png 768w\" sizes=\"(max-width: 805px) 100vw, 805px\" \/><\/div><\/a>\n\t\t\t\t<div class=\"elementor-post__badge\">Artikel<\/div>\n\t\t\t\t<div class=\"elementor-post__avatar\">\n\t\t\t<img alt='Admin' src='https:\/\/secure.gravatar.com\/avatar\/5fa0ab8129cd20f0a7834bfabb7e7a1558862e46633c891c431236a50cc39ab9?s=128&#038;d=mm&#038;r=g' srcset='https:\/\/secure.gravatar.com\/avatar\/5fa0ab8129cd20f0a7834bfabb7e7a1558862e46633c891c431236a50cc39ab9?s=256&#038;d=mm&#038;r=g 2x' class='avatar avatar-128 photo' height='128' width='128' \/>\t\t<\/div>\n\t\t\t\t<div class=\"elementor-post__text\">\n\t\t\t\t<h3 class=\"elementor-post__title\">\n\t\t\t<a href=\"https:\/\/clean-facade.ch\/de\/nettoyage-facade-maison-tarifs-en-suisse\/\" >\n\t\t\t\tFassadenreinigung Haus: Tarife in der Schweiz\t\t\t<\/a>\n\t\t<\/h3>\n\t\t\t\t<div class=\"elementor-post__excerpt\">\n\t\t\t<p>Ist Ihre Fassade mit Schwarzbelag versehen oder stark verschmutzt? Eine gr\u00fcndliche Reinigung ist notwendig, damit sie ihren urspr\u00fcnglichen Glanz zur\u00fcckerh\u00e4lt und langfristig sauber bleibt. CLEAN-FACADE<\/p>\n\t\t<\/div>\n\t\t\t\t<\/div>\n\t\t\t\t\t<\/div>\n\t\t<\/article>\n\t\t\t\t<article class=\"elementor-post elementor-grid-item post-39252 post type-post status-publish format-standard has-post-thumbnail hentry category-unkategorisiert tag-articles-de\" role=\"listitem\">\n\t\t\t<div class=\"elementor-post__card\">\n\t\t\t\t<a class=\"elementor-post__thumbnail__link\" href=\"https:\/\/clean-facade.ch\/de\/la-renovation-de-facade-en-crepi\/\" tabindex=\"-1\" ><div class=\"elementor-post__thumbnail\"><img loading=\"lazy\" decoding=\"async\" width=\"805\" height=\"578\" src=\"https:\/\/clean-facade.ch\/wp-content\/uploads\/2023\/02\/Photo-8-apres..png\" class=\"attachment-full size-full wp-image-38972\" alt=\"Photo-8-apres..png\" srcset=\"https:\/\/clean-facade.ch\/wp-content\/uploads\/2023\/02\/Photo-8-apres..png 805w, https:\/\/clean-facade.ch\/wp-content\/uploads\/2023\/02\/Photo-8-apres.-600x431.png 600w, https:\/\/clean-facade.ch\/wp-content\/uploads\/2023\/02\/Photo-8-apres.-300x215.png 300w, https:\/\/clean-facade.ch\/wp-content\/uploads\/2023\/02\/Photo-8-apres.-768x551.png 768w\" sizes=\"(max-width: 805px) 100vw, 805px\" \/><\/div><\/a>\n\t\t\t\t<div class=\"elementor-post__badge\">Artikel<\/div>\n\t\t\t\t<div class=\"elementor-post__avatar\">\n\t\t\t<img alt='Admin' src='https:\/\/secure.gravatar.com\/avatar\/5fa0ab8129cd20f0a7834bfabb7e7a1558862e46633c891c431236a50cc39ab9?s=128&#038;d=mm&#038;r=g' srcset='https:\/\/secure.gravatar.com\/avatar\/5fa0ab8129cd20f0a7834bfabb7e7a1558862e46633c891c431236a50cc39ab9?s=256&#038;d=mm&#038;r=g 2x' class='avatar avatar-128 photo' height='128' width='128' \/>\t\t<\/div>\n\t\t\t\t<div class=\"elementor-post__text\">\n\t\t\t\t<h3 class=\"elementor-post__title\">\n\t\t\t<a href=\"https:\/\/clean-facade.ch\/de\/la-renovation-de-facade-en-crepi\/\" >\n\t\t\t\tSanierung der Putzfassade\t\t\t<\/a>\n\t\t<\/h3>\n\t\t\t\t<div class=\"elementor-post__excerpt\">\n\t\t\t<p>Die Renovierung ist ein wesentlicher Schritt, um Ihre W\u00e4nde zu sch\u00fctzen und die \u00c4sthetik Ihres Geb\u00e4udes zu erhalten. Diese Arbeiten sind in der Regel zeitaufw\u00e4ndig<\/p>\n\t\t<\/div>\n\t\t\t\t<\/div>\n\t\t\t\t\t<\/div>\n\t\t<\/article>\n\t\t\t\t<\/div>\n\t\t\t\t\t<span class=\"e-load-more-spinner\">\n\t\t\t\t<i aria-hidden=\"true\" class=\"fas fa-spinner\"><\/i>\t\t\t<\/span>\n\t\t\n\t\t\t\t\t\t<\/div>\n\t\t\t\t<\/div>\n\t\t\t\t\t<\/div>\n\t\t<\/div>\n\t\t\t\t\t<\/div>\n\t\t<\/section>\n\t\t\t\t<\/div>\n\t\t","protected":false},"excerpt":{"rendered":"<p>BLOG<\/p>\n","protected":false},"author":1,"featured_media":0,"parent":0,"menu_order":0,"comment_status":"closed","ping_status":"closed","template":"","meta":{"footnotes":""},"class_list":["post-39246","page","type-page","status-publish","hentry"],"yoast_head":"<!-- This site is optimized with the Yoast SEO plugin v27.5 - https:\/\/yoast.com\/product\/yoast-seo-wordpress\/ -->\n<title>Blog - Alles \u00fcber Fassaden | CLEAN FACADE<\/title>\n<meta name=\"description\" content=\"Alles Wissenswerte \u00fcber die Pflege und Behandlung der Oberfl\u00e4chen von Geb\u00e4udew\u00e4nden, die durch \u00e4u\u00dfere Einfl\u00fcsse verunreinigt sind\" \/>\n<meta name=\"robots\" content=\"index, follow, max-snippet:-1, max-image-preview:large, max-video-preview:-1\" \/>\n<link rel=\"canonical\" href=\"https:\/\/clean-facade.ch\/de\/blog\/\" \/>\n<meta property=\"og:locale\" content=\"de_DE\" \/>\n<meta property=\"og:type\" content=\"article\" \/>\n<meta property=\"og:title\" content=\"Blog - Alles \u00fcber Fassaden | CLEAN FACADE\" \/>\n<meta property=\"og:description\" content=\"Alles Wissenswerte \u00fcber die Pflege und Behandlung der Oberfl\u00e4chen von Geb\u00e4udew\u00e4nden, die durch \u00e4u\u00dfere Einfl\u00fcsse verunreinigt sind\" \/>\n<meta property=\"og:url\" content=\"https:\/\/clean-facade.ch\/de\/blog\/\" \/>\n<meta property=\"og:site_name\" content=\"Clean Facade\" \/>\n<meta property=\"article:modified_time\" content=\"2023-03-31T08:54:59+00:00\" \/>\n<meta property=\"og:image\" content=\"https:\/\/clean-facade.ch\/wp-content\/uploads\/2023\/02\/header-rectangle.svg\" \/>\n<meta name=\"twitter:card\" content=\"summary_large_image\" \/>\n<meta name=\"twitter:label1\" content=\"Gesch\u00e4tzte Lesezeit\" \/>\n\t<meta name=\"twitter:data1\" content=\"4\u00a0Minuten\" \/>\n<script type=\"application\/ld+json\" class=\"yoast-schema-graph\">{\"@context\":\"https:\\\/\\\/schema.org\",\"@graph\":[{\"@type\":\"WebPage\",\"@id\":\"https:\\\/\\\/clean-facade.ch\\\/de\\\/blog\\\/\",\"url\":\"https:\\\/\\\/clean-facade.ch\\\/de\\\/blog\\\/\",\"name\":\"Blog - Alles \u00fcber Fassaden | CLEAN FACADE\",\"isPartOf\":{\"@id\":\"https:\\\/\\\/clean-facade.ch\\\/de\\\/#website\"},\"primaryImageOfPage\":{\"@id\":\"https:\\\/\\\/clean-facade.ch\\\/de\\\/blog\\\/#primaryimage\"},\"image\":{\"@id\":\"https:\\\/\\\/clean-facade.ch\\\/de\\\/blog\\\/#primaryimage\"},\"thumbnailUrl\":\"https:\\\/\\\/clean-facade.ch\\\/wp-content\\\/uploads\\\/2023\\\/02\\\/header-rectangle.svg\",\"datePublished\":\"2023-02-27T13:57:52+00:00\",\"dateModified\":\"2023-03-31T08:54:59+00:00\",\"description\":\"Alles Wissenswerte \u00fcber die Pflege und Behandlung der Oberfl\u00e4chen von Geb\u00e4udew\u00e4nden, die durch \u00e4u\u00dfere Einfl\u00fcsse verunreinigt sind\",\"breadcrumb\":{\"@id\":\"https:\\\/\\\/clean-facade.ch\\\/de\\\/blog\\\/#breadcrumb\"},\"inLanguage\":\"de\",\"potentialAction\":[{\"@type\":\"ReadAction\",\"target\":[\"https:\\\/\\\/clean-facade.ch\\\/de\\\/blog\\\/\"]}]},{\"@type\":\"ImageObject\",\"inLanguage\":\"de\",\"@id\":\"https:\\\/\\\/clean-facade.ch\\\/de\\\/blog\\\/#primaryimage\",\"url\":\"https:\\\/\\\/clean-facade.ch\\\/wp-content\\\/uploads\\\/2023\\\/02\\\/header-rectangle.svg\",\"contentUrl\":\"https:\\\/\\\/clean-facade.ch\\\/wp-content\\\/uploads\\\/2023\\\/02\\\/header-rectangle.svg\"},{\"@type\":\"BreadcrumbList\",\"@id\":\"https:\\\/\\\/clean-facade.ch\\\/de\\\/blog\\\/#breadcrumb\",\"itemListElement\":[{\"@type\":\"ListItem\",\"position\":1,\"name\":\"Accueil\",\"item\":\"https:\\\/\\\/clean-facade.ch\\\/de\\\/\"},{\"@type\":\"ListItem\",\"position\":2,\"name\":\"Blog\"}]},{\"@type\":\"WebSite\",\"@id\":\"https:\\\/\\\/clean-facade.ch\\\/de\\\/#website\",\"url\":\"https:\\\/\\\/clean-facade.ch\\\/de\\\/\",\"name\":\"Clean Facade\",\"description\":\"\",\"publisher\":{\"@id\":\"https:\\\/\\\/clean-facade.ch\\\/de\\\/#organization\"},\"potentialAction\":[{\"@type\":\"SearchAction\",\"target\":{\"@type\":\"EntryPoint\",\"urlTemplate\":\"https:\\\/\\\/clean-facade.ch\\\/de\\\/?s={search_term_string}\"},\"query-input\":{\"@type\":\"PropertyValueSpecification\",\"valueRequired\":true,\"valueName\":\"search_term_string\"}}],\"inLanguage\":\"de\"},{\"@type\":\"Organization\",\"@id\":\"https:\\\/\\\/clean-facade.ch\\\/de\\\/#organization\",\"name\":\"Clean Facade\",\"url\":\"https:\\\/\\\/clean-facade.ch\\\/de\\\/\",\"logo\":{\"@type\":\"ImageObject\",\"inLanguage\":\"de\",\"@id\":\"https:\\\/\\\/clean-facade.ch\\\/de\\\/#\\\/schema\\\/logo\\\/image\\\/\",\"url\":\"https:\\\/\\\/clean-facade.ch\\\/wp-content\\\/uploads\\\/2023\\\/02\\\/Logo.svg\",\"contentUrl\":\"https:\\\/\\\/clean-facade.ch\\\/wp-content\\\/uploads\\\/2023\\\/02\\\/Logo.svg\",\"caption\":\"Clean Facade\"},\"image\":{\"@id\":\"https:\\\/\\\/clean-facade.ch\\\/de\\\/#\\\/schema\\\/logo\\\/image\\\/\"}}]}<\/script>\n<!-- \/ Yoast SEO plugin. -->","yoast_head_json":{"title":"Blog - Alles \u00fcber Fassaden | CLEAN FACADE","description":"Alles Wissenswerte \u00fcber die Pflege und Behandlung der Oberfl\u00e4chen von Geb\u00e4udew\u00e4nden, die durch \u00e4u\u00dfere Einfl\u00fcsse verunreinigt sind","robots":{"index":"index","follow":"follow","max-snippet":"max-snippet:-1","max-image-preview":"max-image-preview:large","max-video-preview":"max-video-preview:-1"},"canonical":"https:\/\/clean-facade.ch\/de\/blog\/","og_locale":"de_DE","og_type":"article","og_title":"Blog - Alles \u00fcber Fassaden | CLEAN FACADE","og_description":"Alles Wissenswerte \u00fcber die Pflege und Behandlung der Oberfl\u00e4chen von Geb\u00e4udew\u00e4nden, die durch \u00e4u\u00dfere Einfl\u00fcsse verunreinigt sind","og_url":"https:\/\/clean-facade.ch\/de\/blog\/","og_site_name":"Clean Facade","article_modified_time":"2023-03-31T08:54:59+00:00","og_image":[{"url":"https:\/\/clean-facade.ch\/wp-content\/uploads\/2023\/02\/header-rectangle.svg","type":"","width":"","height":""}],"twitter_card":"summary_large_image","twitter_misc":{"Gesch\u00e4tzte Lesezeit":"4\u00a0Minuten"},"schema":{"@context":"https:\/\/schema.org","@graph":[{"@type":"WebPage","@id":"https:\/\/clean-facade.ch\/de\/blog\/","url":"https:\/\/clean-facade.ch\/de\/blog\/","name":"Blog - Alles \u00fcber Fassaden | CLEAN FACADE","isPartOf":{"@id":"https:\/\/clean-facade.ch\/de\/#website"},"primaryImageOfPage":{"@id":"https:\/\/clean-facade.ch\/de\/blog\/#primaryimage"},"image":{"@id":"https:\/\/clean-facade.ch\/de\/blog\/#primaryimage"},"thumbnailUrl":"https:\/\/clean-facade.ch\/wp-content\/uploads\/2023\/02\/header-rectangle.svg","datePublished":"2023-02-27T13:57:52+00:00","dateModified":"2023-03-31T08:54:59+00:00","description":"Alles Wissenswerte \u00fcber die Pflege und Behandlung der Oberfl\u00e4chen von Geb\u00e4udew\u00e4nden, die durch \u00e4u\u00dfere Einfl\u00fcsse verunreinigt sind","breadcrumb":{"@id":"https:\/\/clean-facade.ch\/de\/blog\/#breadcrumb"},"inLanguage":"de","potentialAction":[{"@type":"ReadAction","target":["https:\/\/clean-facade.ch\/de\/blog\/"]}]},{"@type":"ImageObject","inLanguage":"de","@id":"https:\/\/clean-facade.ch\/de\/blog\/#primaryimage","url":"https:\/\/clean-facade.ch\/wp-content\/uploads\/2023\/02\/header-rectangle.svg","contentUrl":"https:\/\/clean-facade.ch\/wp-content\/uploads\/2023\/02\/header-rectangle.svg"},{"@type":"BreadcrumbList","@id":"https:\/\/clean-facade.ch\/de\/blog\/#breadcrumb","itemListElement":[{"@type":"ListItem","position":1,"name":"Accueil","item":"https:\/\/clean-facade.ch\/de\/"},{"@type":"ListItem","position":2,"name":"Blog"}]},{"@type":"WebSite","@id":"https:\/\/clean-facade.ch\/de\/#website","url":"https:\/\/clean-facade.ch\/de\/","name":"Clean Facade","description":"","publisher":{"@id":"https:\/\/clean-facade.ch\/de\/#organization"},"potentialAction":[{"@type":"SearchAction","target":{"@type":"EntryPoint","urlTemplate":"https:\/\/clean-facade.ch\/de\/?s={search_term_string}"},"query-input":{"@type":"PropertyValueSpecification","valueRequired":true,"valueName":"search_term_string"}}],"inLanguage":"de"},{"@type":"Organization","@id":"https:\/\/clean-facade.ch\/de\/#organization","name":"Clean Facade","url":"https:\/\/clean-facade.ch\/de\/","logo":{"@type":"ImageObject","inLanguage":"de","@id":"https:\/\/clean-facade.ch\/de\/#\/schema\/logo\/image\/","url":"https:\/\/clean-facade.ch\/wp-content\/uploads\/2023\/02\/Logo.svg","contentUrl":"https:\/\/clean-facade.ch\/wp-content\/uploads\/2023\/02\/Logo.svg","caption":"Clean Facade"},"image":{"@id":"https:\/\/clean-facade.ch\/de\/#\/schema\/logo\/image\/"}}]}},"_links":{"self":[{"href":"https:\/\/clean-facade.ch\/de\/wp-json\/wp\/v2\/pages\/39246","targetHints":{"allow":["GET"]}}],"collection":[{"href":"https:\/\/clean-facade.ch\/de\/wp-json\/wp\/v2\/pages"}],"about":[{"href":"https:\/\/clean-facade.ch\/de\/wp-json\/wp\/v2\/types\/page"}],"author":[{"embeddable":true,"href":"https:\/\/clean-facade.ch\/de\/wp-json\/wp\/v2\/users\/1"}],"replies":[{"embeddable":true,"href":"https:\/\/clean-facade.ch\/de\/wp-json\/wp\/v2\/comments?post=39246"}],"version-history":[{"count":19,"href":"https:\/\/clean-facade.ch\/de\/wp-json\/wp\/v2\/pages\/39246\/revisions"}],"predecessor-version":[{"id":41105,"href":"https:\/\/clean-facade.ch\/de\/wp-json\/wp\/v2\/pages\/39246\/revisions\/41105"}],"wp:attachment":[{"href":"https:\/\/clean-facade.ch\/de\/wp-json\/wp\/v2\/media?parent=39246"}],"curies":[{"name":"wp","href":"https:\/\/api.w.org\/{rel}","templated":true}]}}