{"id":41784,"date":"2025-04-22T17:36:13","date_gmt":"2025-04-22T15:36:13","guid":{"rendered":"https:\/\/clean-facade.ch\/produit\/cf-active-loesung\/"},"modified":"2025-07-02T17:34:00","modified_gmt":"2025-07-02T15:34:00","slug":"cf-active-loesung","status":"publish","type":"product","link":"https:\/\/clean-facade.ch\/de\/produit\/cf-active-loesung\/","title":{"rendered":"CF Active L\u00f6sung"},"content":{"rendered":"<p><span class=\"s1\"><b>CF Active L\u00f6sung<\/b><\/span><\/p>\n<p>Gebrauchsfertiges Algizid zur Entfernung gr\u00fcnlicher oder gr\u00e4ulicher Bel\u00e4ge an Hausfassaden und Mauerwerk (au\u00dfer Holz). Die ausgewogene Wirkstoffkombination verschiedener Mikrobiozide wirkt gegen Algen an por\u00f6sen W\u00e4nden und Fassaden, Beton, Naturstein, Zementputz, Rauputz und verz\u00f6gert die Neubildung.<\/p>\n<p><strong>Ihre Vorteile<\/strong><\/p>\n<ul>\n<li>Wirksam gegen Algen und Flechten, die h\u00e4ufig an Au\u00dfenfassaden vorkommen<\/li>\n<li>Gebrauchsfertig, keine Verd\u00fcnnung erforderlich<\/li>\n<li>Hergestellt in der Schweiz und registriert beim BAG (CHZN7550) UFI 8H00-T0VT-9005-UHYV<\/li>\n<\/ul>\n<p>&nbsp;<\/p>\n<p><b>Anwendung : <\/b><span style=\"font-family: -apple-system, BlinkMacSystemFont, 'Segoe UI', Roboto, 'Helvetica Neue', Arial, 'Noto Sans', sans-serif, 'Apple Color Emoji', 'Segoe UI Emoji', 'Segoe UI Symbol', 'Noto Color Emoji';\">Mit einem Spr\u00fcher, Pinsel oder Tuch auf die trockene Oberfl\u00e4che auftragen und 24 Stunden einwirken lassen. Bei sehr hartn\u00e4ckigen Ablagerungen muss die Behandlung wiederholt werden. Nach dem Trocknen \u00fcberstreichbar. Nicht bei Temperaturen unter +8 \u00b0C verwenden (gilt f\u00fcr Umgebungsluft und Oberfl\u00e4che). Nicht bei Regen anwenden. 6 Stunden nach dem Auftragen kein Wasser hinzuf\u00fcgen. <\/span><\/p>\n<p class=\"p1\"><span class=\"s1\"><b>Ergiebigkeit:<\/b><\/span> 1 Liter reicht je nach Untergrund f\u00fcr ca. 5-10 <span class=\"s2\">m\u00b2<\/span> bei einmaliger Behandlung.<\/p>\n<p class=\"p1\"><span class=\"s1\"><b>Lagerung:<\/b><\/span> Beh\u00e4lter nicht Frost aussetzen.<\/p>\n<p class=\"p1\">Biozidprodukte vorsichtig verwenden. Vor Gebrauch stets Etikett und Produktinformationen lesen.<\/p>\n<p class=\"p1\"><span class=\"s1\"><b>Wirkstoffe:<\/b><\/span> Benzyl-C12-16-alkyldimethyl-, chlorid, REACH-Nr. 01-2119965180-41, 1,81 %, C12-14-Alkyl[(ethylphenyl)methyl]dimethylchloride, REACH-Nr. 01-2120771812-51, 0.04 %. Bundesregistrierungsnummer CHZN 7550<\/p>\n<p class=\"p1\"><span class=\"s1\"><b>Produkttyp<\/b><\/span> <span class=\"s1\"><b>:<\/b><\/span> 02. <span class=\"s1\"><b>Produkttyp:<\/b><\/span> 10. Verwendung verboten auf D\u00e4chern und Terrassen, in Lagerfl\u00e4chen, auf Stra\u00dfen, Wegen und Pl\u00e4tzen, auf B\u00f6schungen und Gr\u00fcnstreifen entlang von Stra\u00dfen und Schienenwegen.<\/p>\n<p>&nbsp;<\/p>\n<div class=\"ad_1qnmz2n1 ad_13ffkl92h ad_13ffkl92i ad_13ffkl91f ad_13ffkl91b\" data-testid=\"dangersymbol\">\n<p><span class=\"ad_1qnmz2n0 ad_wrjncce ad_wrjncch\">Sicherheitshinweise <\/span> <img decoding=\"async\" class=\"alignnone\" src=\"https:\/\/media.hornbach.ch\/hb\/certificate\/207112.jpg?dvid=4\" alt=\"Sicherheitshinweise1\" \/> <img decoding=\"async\" class=\"ad_1oct0gg0 ad_1oct0gg8 ad_168jkj02 ad_1qnmz2n3\" title=\"Sicherheitshinweise2\" src=\"https:\/\/media.hornbach.ch\/hb\/certificate\/224806.jpg?dvid=4\" alt=\"Sicherheitshinweise2\" width=\"107\" height=\"107\" \/><\/p>\n<p>Erw\u00e4hnung (CLP Art. 20) Gefahr<\/p>\n<p class=\"ad_1oct0gg2 ad_1oct0gg9 ad_1oqf98b2 ad_wrjncc0 ad_wrjncc1 ad_1mvvshj2 ad_wrjncc3 ad_1mvvshj1 ad_1knbaikx\"><span class=\"ad_1qnmz2n0 ad_wrjncce ad_wrjncch\">Kodifizierung der Sicherheitshinweise (P-S\u00e4tze)<\/span><\/p>\n<p class=\"ad_1oct0gg2 ad_1oct0gg9 ad_1oqf98b2 ad_wrjncc0 ad_wrjncc1 ad_1mvvshj2 ad_wrjncc3 ad_1mvvshj1 ad_1knbaikx\">P101: Ist \u00e4rztlicher Rat erforderlich, Verpackung oder Kennzeichnungsetikett bereithalten. P102: Darf nicht in die H\u00e4nde von Kindern gelangen. P303+P361+P353: BEI BER\u00dcHRUNG MIT DER HAUT (oder dem Haar): Alle kontaminierten Kleidungsst\u00fccke sofort ausziehen. Haut mit Wasser abwaschen\/duschen. P273: Freisetzung in die Umwelt vermeiden. P305+P351+P338: BEI KONTAKT MIT DEN AUGEN: Einige Minuten lang behutsam mit Wasser sp\u00fclen. Vorhandene Kontaktlinsen nach M\u00f6glichkeit entfernen. Weiter sp\u00fclen. P501: Inhalt\/Beh\u00e4lter einer zugelassenen Abfallentsorgungseinrichtung zuf\u00fchren.<\/p>\n<p><span class=\"ad_1qnmz2n0 ad_wrjncce ad_wrjncch\">Kodifizierung der Gefahrenhinweise (H-S\u00e4tze)<\/span><\/p>\n<p class=\"ad_1oct0gg2 ad_1oct0gg9 ad_1oqf98b2 ad_wrjncc0 ad_wrjncc1 ad_1mvvshj2 ad_wrjncc3 ad_1mvvshj1 ad_1knbaikx\">(H315) Verursacht Hautreizungen.<br \/>\n(H319) Verursacht schwere Augenreizung.<br \/>\n(H411) Giftig f\u00fcr Wasserorganismen, mit langfristiger Wirkung.<\/p>\n<\/div>\n","protected":false},"excerpt":{"rendered":"<p><strong>VERWENDEN :<\/strong><\/p>\n<p>Algizid zur Pflege Ihrer Putzfassaden, Natursteinw\u00e4nde oder Rohbeton, sobald Moos, Algen oder Flechten auftreten.<br \/>\nDen Inhalt in eine Spr\u00fchflasche f\u00fcllen und bei trockenem Wetter auf die Oberfl\u00e4chen spr\u00fchen.<br \/>\nNicht aussp\u00fclen. Bei Bedarf wiederholen.<\/p>\n<p><strong>OBERFL\u00c4CHE:<\/strong> 1 Liter f\u00fcr ca. 5 bis 10 m\u00b2.<\/p>\n<p><strong>Online-Bestellung:<\/strong> F\u00fcr dieses Produkt ist ein Altersnachweis erforderlich. Bitte senden Sie uns nach Ihrer Bestellung eine Kopie oder ein Foto Ihres Ausweises. Nach Erhalt versenden wir das Produkt an Sie.<\/p>\n<p>&nbsp;<\/p>\n","protected":false},"featured_media":41698,"comment_status":"open","ping_status":"closed","template":"","meta":[],"product_brand":[],"product_cat":[54],"product_tag":[],"class_list":{"0":"post-41784","1":"product","2":"type-product","3":"status-publish","4":"has-post-thumbnail","6":"product_cat-produits-pour-particuliers-de","7":"product_shipping_class-anti-mousse-1l-de","9":"first","10":"instock","11":"taxable","12":"shipping-taxable","13":"purchasable","14":"product-type-variable"},"yoast_head":"<!-- This site is optimized with the Yoast SEO plugin v27.6 - https:\/\/yoast.com\/product\/yoast-seo-wordpress\/ -->\n<title>CF Active L\u00f6sung - Clean Facade<\/title>\n<meta name=\"robots\" content=\"noindex, nofollow\" \/>\n<meta property=\"og:locale\" content=\"de_DE\" \/>\n<meta property=\"og:type\" content=\"article\" \/>\n<meta property=\"og:title\" content=\"CF Active L\u00f6sung - Clean Facade\" \/>\n<meta property=\"og:description\" content=\"VERWENDEN :  Algizid zur Pflege Ihrer Putzfassaden, Natursteinw\u00e4nde oder Rohbeton, sobald Moos, Algen oder Flechten auftreten. Den Inhalt in eine Spr\u00fchflasche f\u00fcllen und bei trockenem Wetter auf die Oberfl\u00e4chen spr\u00fchen. Nicht aussp\u00fclen. Bei Bedarf wiederholen.  OBERFL\u00c4CHE: 1 Liter f\u00fcr ca. 5 bis 10 m\u00b2.  Online-Bestellung: F\u00fcr dieses Produkt ist ein Altersnachweis erforderlich. Bitte senden Sie uns nach Ihrer Bestellung eine Kopie oder ein Foto Ihres Ausweises. Nach Erhalt versenden wir das Produkt an Sie.  &nbsp;\" \/>\n<meta property=\"og:url\" content=\"https:\/\/clean-facade.ch\/de\/produit\/cf-active-loesung\/\" \/>\n<meta property=\"og:site_name\" content=\"Clean Facade\" \/>\n<meta property=\"article:modified_time\" content=\"2025-07-02T15:34:00+00:00\" \/>\n<meta property=\"og:image\" content=\"https:\/\/clean-facade.ch\/wp-content\/uploads\/2025\/04\/riederer-roman-03-web.webp\" \/>\n\t<meta property=\"og:image:width\" content=\"2000\" \/>\n\t<meta property=\"og:image:height\" content=\"1300\" \/>\n\t<meta property=\"og:image:type\" content=\"image\/webp\" \/>\n<meta name=\"twitter:card\" content=\"summary_large_image\" \/>\n<meta name=\"twitter:label1\" content=\"Gesch\u00e4tzte Lesezeit\" \/>\n\t<meta name=\"twitter:data1\" content=\"3\u00a0Minuten\" \/>\n<script type=\"application\/ld+json\" class=\"yoast-schema-graph\">{\"@context\":\"https:\\\/\\\/schema.org\",\"@graph\":[{\"@type\":\"WebPage\",\"@id\":\"https:\\\/\\\/clean-facade.ch\\\/de\\\/produit\\\/cf-active-loesung\\\/\",\"url\":\"https:\\\/\\\/clean-facade.ch\\\/de\\\/produit\\\/cf-active-loesung\\\/\",\"name\":\"CF Active L\u00f6sung - Clean Facade\",\"isPartOf\":{\"@id\":\"https:\\\/\\\/clean-facade.ch\\\/de\\\/#website\"},\"primaryImageOfPage\":{\"@id\":\"https:\\\/\\\/clean-facade.ch\\\/de\\\/produit\\\/cf-active-loesung\\\/#primaryimage\"},\"image\":{\"@id\":\"https:\\\/\\\/clean-facade.ch\\\/de\\\/produit\\\/cf-active-loesung\\\/#primaryimage\"},\"thumbnailUrl\":\"https:\\\/\\\/clean-facade.ch\\\/wp-content\\\/uploads\\\/2025\\\/04\\\/riederer-roman-03-web.webp\",\"datePublished\":\"2025-04-22T15:36:13+00:00\",\"dateModified\":\"2025-07-02T15:34:00+00:00\",\"breadcrumb\":{\"@id\":\"https:\\\/\\\/clean-facade.ch\\\/de\\\/produit\\\/cf-active-loesung\\\/#breadcrumb\"},\"inLanguage\":\"de\",\"potentialAction\":[{\"@type\":\"ReadAction\",\"target\":[\"https:\\\/\\\/clean-facade.ch\\\/de\\\/produit\\\/cf-active-loesung\\\/\"]}]},{\"@type\":\"ImageObject\",\"inLanguage\":\"de\",\"@id\":\"https:\\\/\\\/clean-facade.ch\\\/de\\\/produit\\\/cf-active-loesung\\\/#primaryimage\",\"url\":\"https:\\\/\\\/clean-facade.ch\\\/wp-content\\\/uploads\\\/2025\\\/04\\\/riederer-roman-03-web.webp\",\"contentUrl\":\"https:\\\/\\\/clean-facade.ch\\\/wp-content\\\/uploads\\\/2025\\\/04\\\/riederer-roman-03-web.webp\",\"width\":2000,\"height\":1300},{\"@type\":\"BreadcrumbList\",\"@id\":\"https:\\\/\\\/clean-facade.ch\\\/de\\\/produit\\\/cf-active-loesung\\\/#breadcrumb\",\"itemListElement\":[{\"@type\":\"ListItem\",\"position\":1,\"name\":\"Accueil\",\"item\":\"https:\\\/\\\/clean-facade.ch\\\/de\\\/\"},{\"@type\":\"ListItem\",\"position\":2,\"name\":\"Boutique\",\"item\":\"https:\\\/\\\/clean-facade.ch\\\/boutique\\\/\"},{\"@type\":\"ListItem\",\"position\":3,\"name\":\"CF Active L\u00f6sung\"}]},{\"@type\":\"WebSite\",\"@id\":\"https:\\\/\\\/clean-facade.ch\\\/de\\\/#website\",\"url\":\"https:\\\/\\\/clean-facade.ch\\\/de\\\/\",\"name\":\"Clean Facade\",\"description\":\"\",\"publisher\":{\"@id\":\"https:\\\/\\\/clean-facade.ch\\\/de\\\/#organization\"},\"potentialAction\":[{\"@type\":\"SearchAction\",\"target\":{\"@type\":\"EntryPoint\",\"urlTemplate\":\"https:\\\/\\\/clean-facade.ch\\\/de\\\/?s={search_term_string}\"},\"query-input\":{\"@type\":\"PropertyValueSpecification\",\"valueRequired\":true,\"valueName\":\"search_term_string\"}}],\"inLanguage\":\"de\"},{\"@type\":\"Organization\",\"@id\":\"https:\\\/\\\/clean-facade.ch\\\/de\\\/#organization\",\"name\":\"Clean Facade\",\"url\":\"https:\\\/\\\/clean-facade.ch\\\/de\\\/\",\"logo\":{\"@type\":\"ImageObject\",\"inLanguage\":\"de\",\"@id\":\"https:\\\/\\\/clean-facade.ch\\\/de\\\/#\\\/schema\\\/logo\\\/image\\\/\",\"url\":\"https:\\\/\\\/clean-facade.ch\\\/wp-content\\\/uploads\\\/2023\\\/02\\\/Logo.svg\",\"contentUrl\":\"https:\\\/\\\/clean-facade.ch\\\/wp-content\\\/uploads\\\/2023\\\/02\\\/Logo.svg\",\"caption\":\"Clean Facade\"},\"image\":{\"@id\":\"https:\\\/\\\/clean-facade.ch\\\/de\\\/#\\\/schema\\\/logo\\\/image\\\/\"}}]}<\/script>\n<!-- \/ Yoast SEO plugin. -->","yoast_head_json":{"title":"CF Active L\u00f6sung - Clean Facade","robots":{"index":"noindex","follow":"nofollow"},"og_locale":"de_DE","og_type":"article","og_title":"CF Active L\u00f6sung - Clean Facade","og_description":"VERWENDEN :  Algizid zur Pflege Ihrer Putzfassaden, Natursteinw\u00e4nde oder Rohbeton, sobald Moos, Algen oder Flechten auftreten. Den Inhalt in eine Spr\u00fchflasche f\u00fcllen und bei trockenem Wetter auf die Oberfl\u00e4chen spr\u00fchen. Nicht aussp\u00fclen. Bei Bedarf wiederholen.  OBERFL\u00c4CHE: 1 Liter f\u00fcr ca. 5 bis 10 m\u00b2.  Online-Bestellung: F\u00fcr dieses Produkt ist ein Altersnachweis erforderlich. Bitte senden Sie uns nach Ihrer Bestellung eine Kopie oder ein Foto Ihres Ausweises. Nach Erhalt versenden wir das Produkt an Sie.  &nbsp;","og_url":"https:\/\/clean-facade.ch\/de\/produit\/cf-active-loesung\/","og_site_name":"Clean Facade","article_modified_time":"2025-07-02T15:34:00+00:00","og_image":[{"width":2000,"height":1300,"url":"https:\/\/clean-facade.ch\/wp-content\/uploads\/2025\/04\/riederer-roman-03-web.webp","type":"image\/webp"}],"twitter_card":"summary_large_image","twitter_misc":{"Gesch\u00e4tzte Lesezeit":"3\u00a0Minuten"},"schema":{"@context":"https:\/\/schema.org","@graph":[{"@type":"WebPage","@id":"https:\/\/clean-facade.ch\/de\/produit\/cf-active-loesung\/","url":"https:\/\/clean-facade.ch\/de\/produit\/cf-active-loesung\/","name":"CF Active L\u00f6sung - Clean Facade","isPartOf":{"@id":"https:\/\/clean-facade.ch\/de\/#website"},"primaryImageOfPage":{"@id":"https:\/\/clean-facade.ch\/de\/produit\/cf-active-loesung\/#primaryimage"},"image":{"@id":"https:\/\/clean-facade.ch\/de\/produit\/cf-active-loesung\/#primaryimage"},"thumbnailUrl":"https:\/\/clean-facade.ch\/wp-content\/uploads\/2025\/04\/riederer-roman-03-web.webp","datePublished":"2025-04-22T15:36:13+00:00","dateModified":"2025-07-02T15:34:00+00:00","breadcrumb":{"@id":"https:\/\/clean-facade.ch\/de\/produit\/cf-active-loesung\/#breadcrumb"},"inLanguage":"de","potentialAction":[{"@type":"ReadAction","target":["https:\/\/clean-facade.ch\/de\/produit\/cf-active-loesung\/"]}]},{"@type":"ImageObject","inLanguage":"de","@id":"https:\/\/clean-facade.ch\/de\/produit\/cf-active-loesung\/#primaryimage","url":"https:\/\/clean-facade.ch\/wp-content\/uploads\/2025\/04\/riederer-roman-03-web.webp","contentUrl":"https:\/\/clean-facade.ch\/wp-content\/uploads\/2025\/04\/riederer-roman-03-web.webp","width":2000,"height":1300},{"@type":"BreadcrumbList","@id":"https:\/\/clean-facade.ch\/de\/produit\/cf-active-loesung\/#breadcrumb","itemListElement":[{"@type":"ListItem","position":1,"name":"Accueil","item":"https:\/\/clean-facade.ch\/de\/"},{"@type":"ListItem","position":2,"name":"Boutique","item":"https:\/\/clean-facade.ch\/boutique\/"},{"@type":"ListItem","position":3,"name":"CF Active L\u00f6sung"}]},{"@type":"WebSite","@id":"https:\/\/clean-facade.ch\/de\/#website","url":"https:\/\/clean-facade.ch\/de\/","name":"Clean Facade","description":"","publisher":{"@id":"https:\/\/clean-facade.ch\/de\/#organization"},"potentialAction":[{"@type":"SearchAction","target":{"@type":"EntryPoint","urlTemplate":"https:\/\/clean-facade.ch\/de\/?s={search_term_string}"},"query-input":{"@type":"PropertyValueSpecification","valueRequired":true,"valueName":"search_term_string"}}],"inLanguage":"de"},{"@type":"Organization","@id":"https:\/\/clean-facade.ch\/de\/#organization","name":"Clean Facade","url":"https:\/\/clean-facade.ch\/de\/","logo":{"@type":"ImageObject","inLanguage":"de","@id":"https:\/\/clean-facade.ch\/de\/#\/schema\/logo\/image\/","url":"https:\/\/clean-facade.ch\/wp-content\/uploads\/2023\/02\/Logo.svg","contentUrl":"https:\/\/clean-facade.ch\/wp-content\/uploads\/2023\/02\/Logo.svg","caption":"Clean Facade"},"image":{"@id":"https:\/\/clean-facade.ch\/de\/#\/schema\/logo\/image\/"}}]}},"_links":{"self":[{"href":"https:\/\/clean-facade.ch\/de\/wp-json\/wp\/v2\/product\/41784","targetHints":{"allow":["GET"]}}],"collection":[{"href":"https:\/\/clean-facade.ch\/de\/wp-json\/wp\/v2\/product"}],"about":[{"href":"https:\/\/clean-facade.ch\/de\/wp-json\/wp\/v2\/types\/product"}],"replies":[{"embeddable":true,"href":"https:\/\/clean-facade.ch\/de\/wp-json\/wp\/v2\/comments?post=41784"}],"wp:featuredmedia":[{"embeddable":true,"href":"https:\/\/clean-facade.ch\/de\/wp-json\/wp\/v2\/media\/41698"}],"wp:attachment":[{"href":"https:\/\/clean-facade.ch\/de\/wp-json\/wp\/v2\/media?parent=41784"}],"wp:term":[{"taxonomy":"product_brand","embeddable":true,"href":"https:\/\/clean-facade.ch\/de\/wp-json\/wp\/v2\/product_brand?post=41784"},{"taxonomy":"product_cat","embeddable":true,"href":"https:\/\/clean-facade.ch\/de\/wp-json\/wp\/v2\/product_cat?post=41784"},{"taxonomy":"product_tag","embeddable":true,"href":"https:\/\/clean-facade.ch\/de\/wp-json\/wp\/v2\/product_tag?post=41784"}],"curies":[{"name":"wp","href":"https:\/\/api.w.org\/{rel}","templated":true}]}}